{"id":1972,"date":"2022-03-16T11:35:45","date_gmt":"2022-03-16T10:35:45","guid":{"rendered":"https:\/\/www.clarelegal.com\/interviews\/droit-des-animaux-en-france-legislation-et-entretien\/"},"modified":"2025-08-06T08:38:05","modified_gmt":"2025-08-06T06:38:05","slug":"droit-des-animaux-en-france-legislation-et-entretien","status":"publish","type":"page","link":"https:\/\/www.clarelegal.com\/en\/interviews-2\/droit-des-animaux-en-france-legislation-et-entretien\/","title":{"rendered":"Lawyer who fights for animal welfare"},"content":{"rendered":"<p><span style=\"font-weight: 400;\">Interview de Caroline Lanty, avocate au barreau de Paris et ancienne pr\u00e9sidente de la Soci\u00e9t\u00e9 protectrice des animaux (SPA) &#8211; mars 2022<\/span><\/p>\n","protected":false},"excerpt":{"rendered":"<p>In France, many associations fight for the defense of animal rights by rescuing the latter in shelters, while actively seeking adoptive families to offer them a second, and more decent life. Some of these associations have an annual budget amounting to several millions or even tens of millions of euros, and are leading legal proceedings against the perpetrators of trafficking or mistreatment, as well as lobbying actions with parliamentarians. Interview with Caroline Lanty, lawyer at the Paris bar, and the former President of the Society for the Protection of Animals (SPA).<\/p>\n","protected":false},"author":2,"featured_media":832,"parent":9401,"menu_order":10,"comment_status":"closed","ping_status":"closed","template":"","meta":{"_acf_changed":false,"inline_featured_image":false,"footnotes":""},"class_list":["post-1972","page","type-page","status-publish","has-post-thumbnail","hentry"],"acf":[],"yoast_head":"<!-- This site is optimized with the Yoast SEO plugin v26.5 - https:\/\/yoast.com\/wordpress\/plugins\/seo\/ -->\n<title>Lawyer who fights for animal welfare - Clare L\u00e9gal<\/title>\n<meta name=\"description\" content=\"Interview de Caroline Lanty, avocate au barreau de Paris, et ancienne pr\u00e9sidente de la Soci\u00e9t\u00e9 protectrice des animaux (SPA)\" \/>\n<meta name=\"robots\" content=\"index, follow, max-snippet:-1, max-image-preview:large, max-video-preview:-1\" \/>\n<link rel=\"canonical\" href=\"https:\/\/www.clarelegal.com\/en\/interviews-2\/droit-des-animaux-en-france-legislation-et-entretien\/\" \/>\n<meta property=\"og:locale\" content=\"en_US\" \/>\n<meta property=\"og:type\" content=\"article\" \/>\n<meta property=\"og:title\" content=\"Lawyer who fights for animal welfare - Clare L\u00e9gal\" \/>\n<meta property=\"og:description\" content=\"Interview de Caroline Lanty, avocate au barreau de Paris, et ancienne pr\u00e9sidente de la Soci\u00e9t\u00e9 protectrice des animaux (SPA)\" \/>\n<meta property=\"og:url\" content=\"https:\/\/www.clarelegal.com\/en\/interviews-2\/droit-des-animaux-en-france-legislation-et-entretien\/\" \/>\n<meta property=\"og:site_name\" content=\"Clare L\u00e9gal\" \/>\n<meta property=\"article:modified_time\" content=\"2025-08-06T06:38:05+00:00\" \/>\n<meta property=\"og:image\" content=\"https:\/\/www.clarelegal.com\/wp-content\/uploads\/2022\/04\/Caroline-Lanty-Clare-Legal.jpg\" \/>\n\t<meta property=\"og:image:width\" content=\"1216\" \/>\n\t<meta property=\"og:image:height\" content=\"856\" \/>\n\t<meta property=\"og:image:type\" content=\"image\/jpeg\" \/>\n<meta name=\"twitter:card\" content=\"summary_large_image\" \/>\n<meta name=\"twitter:label1\" content=\"Est. reading time\" \/>\n\t<meta name=\"twitter:data1\" content=\"1 minute\" \/>\n<script type=\"application\/ld+json\" class=\"yoast-schema-graph\">{\"@context\":\"https:\/\/schema.org\",\"@graph\":[{\"@type\":\"WebPage\",\"@id\":\"https:\/\/www.clarelegal.com\/en\/interviews-2\/droit-des-animaux-en-france-legislation-et-entretien\/\",\"url\":\"https:\/\/www.clarelegal.com\/en\/interviews-2\/droit-des-animaux-en-france-legislation-et-entretien\/\",\"name\":\"Lawyer who fights for animal welfare - Clare L\u00e9gal\",\"isPartOf\":{\"@id\":\"https:\/\/www.clarelegal.com\/#website\"},\"primaryImageOfPage\":{\"@id\":\"https:\/\/www.clarelegal.com\/en\/interviews-2\/droit-des-animaux-en-france-legislation-et-entretien\/#primaryimage\"},\"image\":{\"@id\":\"https:\/\/www.clarelegal.com\/en\/interviews-2\/droit-des-animaux-en-france-legislation-et-entretien\/#primaryimage\"},\"thumbnailUrl\":\"https:\/\/www.clarelegal.com\/wp-content\/uploads\/2022\/04\/Caroline-Lanty-Clare-Legal.jpg\",\"datePublished\":\"2022-03-16T10:35:45+00:00\",\"dateModified\":\"2025-08-06T06:38:05+00:00\",\"description\":\"Interview de Caroline Lanty, avocate au barreau de Paris, et ancienne pr\u00e9sidente de la Soci\u00e9t\u00e9 protectrice des animaux (SPA)\",\"breadcrumb\":{\"@id\":\"https:\/\/www.clarelegal.com\/en\/interviews-2\/droit-des-animaux-en-france-legislation-et-entretien\/#breadcrumb\"},\"inLanguage\":\"en-US\",\"potentialAction\":[{\"@type\":\"ReadAction\",\"target\":[\"https:\/\/www.clarelegal.com\/en\/interviews-2\/droit-des-animaux-en-france-legislation-et-entretien\/\"]}]},{\"@type\":\"ImageObject\",\"inLanguage\":\"en-US\",\"@id\":\"https:\/\/www.clarelegal.com\/en\/interviews-2\/droit-des-animaux-en-france-legislation-et-entretien\/#primaryimage\",\"url\":\"https:\/\/www.clarelegal.com\/wp-content\/uploads\/2022\/04\/Caroline-Lanty-Clare-Legal.jpg\",\"contentUrl\":\"https:\/\/www.clarelegal.com\/wp-content\/uploads\/2022\/04\/Caroline-Lanty-Clare-Legal.jpg\",\"width\":1216,\"height\":856,\"caption\":\"Caroline Lanty\"},{\"@type\":\"BreadcrumbList\",\"@id\":\"https:\/\/www.clarelegal.com\/en\/interviews-2\/droit-des-animaux-en-france-legislation-et-entretien\/#breadcrumb\",\"itemListElement\":[{\"@type\":\"ListItem\",\"position\":1,\"name\":\"Home\",\"item\":\"https:\/\/www.clarelegal.com\/en\/\"},{\"@type\":\"ListItem\",\"position\":2,\"name\":\"Interviews\",\"item\":\"https:\/\/www.clarelegal.com\/en\/interviews-2\/\"},{\"@type\":\"ListItem\",\"position\":3,\"name\":\"Lawyer who fights for animal welfare\"}]},{\"@type\":\"WebSite\",\"@id\":\"https:\/\/www.clarelegal.com\/#website\",\"url\":\"https:\/\/www.clarelegal.com\/\",\"name\":\"Clare L\u00e9gal\",\"description\":\"\",\"potentialAction\":[{\"@type\":\"SearchAction\",\"target\":{\"@type\":\"EntryPoint\",\"urlTemplate\":\"https:\/\/www.clarelegal.com\/?s={search_term_string}\"},\"query-input\":{\"@type\":\"PropertyValueSpecification\",\"valueRequired\":true,\"valueName\":\"search_term_string\"}}],\"inLanguage\":\"en-US\"}]}<\/script>\n<!-- \/ Yoast SEO plugin. -->","yoast_head_json":{"title":"Lawyer who fights for animal welfare - Clare L\u00e9gal","description":"Interview de Caroline Lanty, avocate au barreau de Paris, et ancienne pr\u00e9sidente de la Soci\u00e9t\u00e9 protectrice des animaux (SPA)","robots":{"index":"index","follow":"follow","max-snippet":"max-snippet:-1","max-image-preview":"max-image-preview:large","max-video-preview":"max-video-preview:-1"},"canonical":"https:\/\/www.clarelegal.com\/en\/interviews-2\/droit-des-animaux-en-france-legislation-et-entretien\/","og_locale":"en_US","og_type":"article","og_title":"Lawyer who fights for animal welfare - Clare L\u00e9gal","og_description":"Interview de Caroline Lanty, avocate au barreau de Paris, et ancienne pr\u00e9sidente de la Soci\u00e9t\u00e9 protectrice des animaux (SPA)","og_url":"https:\/\/www.clarelegal.com\/en\/interviews-2\/droit-des-animaux-en-france-legislation-et-entretien\/","og_site_name":"Clare L\u00e9gal","article_modified_time":"2025-08-06T06:38:05+00:00","og_image":[{"width":1216,"height":856,"url":"https:\/\/www.clarelegal.com\/wp-content\/uploads\/2022\/04\/Caroline-Lanty-Clare-Legal.jpg","type":"image\/jpeg"}],"twitter_card":"summary_large_image","twitter_misc":{"Est. reading time":"1 minute"},"schema":{"@context":"https:\/\/schema.org","@graph":[{"@type":"WebPage","@id":"https:\/\/www.clarelegal.com\/en\/interviews-2\/droit-des-animaux-en-france-legislation-et-entretien\/","url":"https:\/\/www.clarelegal.com\/en\/interviews-2\/droit-des-animaux-en-france-legislation-et-entretien\/","name":"Lawyer who fights for animal welfare - Clare L\u00e9gal","isPartOf":{"@id":"https:\/\/www.clarelegal.com\/#website"},"primaryImageOfPage":{"@id":"https:\/\/www.clarelegal.com\/en\/interviews-2\/droit-des-animaux-en-france-legislation-et-entretien\/#primaryimage"},"image":{"@id":"https:\/\/www.clarelegal.com\/en\/interviews-2\/droit-des-animaux-en-france-legislation-et-entretien\/#primaryimage"},"thumbnailUrl":"https:\/\/www.clarelegal.com\/wp-content\/uploads\/2022\/04\/Caroline-Lanty-Clare-Legal.jpg","datePublished":"2022-03-16T10:35:45+00:00","dateModified":"2025-08-06T06:38:05+00:00","description":"Interview de Caroline Lanty, avocate au barreau de Paris, et ancienne pr\u00e9sidente de la Soci\u00e9t\u00e9 protectrice des animaux (SPA)","breadcrumb":{"@id":"https:\/\/www.clarelegal.com\/en\/interviews-2\/droit-des-animaux-en-france-legislation-et-entretien\/#breadcrumb"},"inLanguage":"en-US","potentialAction":[{"@type":"ReadAction","target":["https:\/\/www.clarelegal.com\/en\/interviews-2\/droit-des-animaux-en-france-legislation-et-entretien\/"]}]},{"@type":"ImageObject","inLanguage":"en-US","@id":"https:\/\/www.clarelegal.com\/en\/interviews-2\/droit-des-animaux-en-france-legislation-et-entretien\/#primaryimage","url":"https:\/\/www.clarelegal.com\/wp-content\/uploads\/2022\/04\/Caroline-Lanty-Clare-Legal.jpg","contentUrl":"https:\/\/www.clarelegal.com\/wp-content\/uploads\/2022\/04\/Caroline-Lanty-Clare-Legal.jpg","width":1216,"height":856,"caption":"Caroline Lanty"},{"@type":"BreadcrumbList","@id":"https:\/\/www.clarelegal.com\/en\/interviews-2\/droit-des-animaux-en-france-legislation-et-entretien\/#breadcrumb","itemListElement":[{"@type":"ListItem","position":1,"name":"Home","item":"https:\/\/www.clarelegal.com\/en\/"},{"@type":"ListItem","position":2,"name":"Interviews","item":"https:\/\/www.clarelegal.com\/en\/interviews-2\/"},{"@type":"ListItem","position":3,"name":"Lawyer who fights for animal welfare"}]},{"@type":"WebSite","@id":"https:\/\/www.clarelegal.com\/#website","url":"https:\/\/www.clarelegal.com\/","name":"Clare L\u00e9gal","description":"","potentialAction":[{"@type":"SearchAction","target":{"@type":"EntryPoint","urlTemplate":"https:\/\/www.clarelegal.com\/?s={search_term_string}"},"query-input":{"@type":"PropertyValueSpecification","valueRequired":true,"valueName":"search_term_string"}}],"inLanguage":"en-US"}]}},"_links":{"self":[{"href":"https:\/\/www.clarelegal.com\/en\/wp-json\/wp\/v2\/pages\/1972","targetHints":{"allow":["GET"]}}],"collection":[{"href":"https:\/\/www.clarelegal.com\/en\/wp-json\/wp\/v2\/pages"}],"about":[{"href":"https:\/\/www.clarelegal.com\/en\/wp-json\/wp\/v2\/types\/page"}],"author":[{"embeddable":true,"href":"https:\/\/www.clarelegal.com\/en\/wp-json\/wp\/v2\/users\/2"}],"replies":[{"embeddable":true,"href":"https:\/\/www.clarelegal.com\/en\/wp-json\/wp\/v2\/comments?post=1972"}],"version-history":[{"count":10,"href":"https:\/\/www.clarelegal.com\/en\/wp-json\/wp\/v2\/pages\/1972\/revisions"}],"predecessor-version":[{"id":9643,"href":"https:\/\/www.clarelegal.com\/en\/wp-json\/wp\/v2\/pages\/1972\/revisions\/9643"}],"up":[{"embeddable":true,"href":"https:\/\/www.clarelegal.com\/en\/wp-json\/wp\/v2\/pages\/9401"}],"wp:featuredmedia":[{"embeddable":true,"href":"https:\/\/www.clarelegal.com\/en\/wp-json\/wp\/v2\/media\/832"}],"wp:attachment":[{"href":"https:\/\/www.clarelegal.com\/en\/wp-json\/wp\/v2\/media?parent=1972"}],"curies":[{"name":"wp","href":"https:\/\/api.w.org\/{rel}","templated":true}]}}