{"id":983,"date":"2022-03-16T11:35:45","date_gmt":"2022-03-16T10:35:45","guid":{"rendered":"https:\/\/www.clarelegal.com\/debats\/droit-des-animaux-en-france-legislation-et-entretien\/"},"modified":"2025-08-06T10:53:50","modified_gmt":"2025-08-06T08:53:50","slug":"%e3%83%95%e3%83%a9%e3%83%b3%e3%82%b9%e5%8b%95%e7%89%a9%e6%84%9b%e8%ad%b7%e6%b3%95","status":"publish","type":"page","link":"https:\/\/www.clarelegal.com\/ja\/%e3%82%a4%e3%83%b3%e3%82%bf%e3%83%93%e3%83%a5%e3%83%bc\/%e3%83%95%e3%83%a9%e3%83%b3%e3%82%b9%e5%8b%95%e7%89%a9%e6%84%9b%e8%ad%b7%e6%b3%95\/","title":{"rendered":"\u52d5\u7269\u4fdd\u8b77\u6cd5\u3068\u8a34\u8a1f"},"content":{"rendered":"<p>\u30ab\u30ed\u30ea\u30fc\u30cc\u30fb\u30e9\u30f3\u30c6\u30a3 &#8211;\u00a0 \u5f01\u8b77\u58eb\u3001\u5143SPA\u4f1a\u9577\u3000(2022\u5e743\u6708)<\/p>\n","protected":false},"excerpt":{"rendered":"<p>\u30d5\u30e9\u30f3\u30b9\u3067\u306f\u52d5\u7269\u611b\u8b77\u306e\u554f\u984c\u306b\u95a2\u3059\u308b\u56fd\u6c11\u610f\u8b58\u304c\u9ad8\u304f\u30012022\u5e74\u306e\u5927\u7d71\u9818\u9078\u3067\u306f\u307b\u307c\u5168\u3066\u306e\u5019\u88dc\u8005\u304c\u52d5\u7269\u611b\u8b77\u306b\u95a2\u3059\u308b\u653f\u7b56\u3092\u6253\u3061\u51fa\u3057\u305f\u3002<\/p>\n<p>\u52d5\u7269\u611b\u8b77\u306e\u5206\u91ce\u3067\u306e\u73fe\u5728\u306e\u30d5\u30e9\u30f3\u30b9\u306e\u72b6\u6cc1\u3068\u6cd5\u5f8b\u306e\u898f\u5b9a\u306b\u3064\u3044\u3066\u3088\u308a\u77e5\u308b\u305f\u3081\u3001\u3082\u3068SPA\uff08\u30a8\u30b9\u30fb\u30da\u30fc\u30fb\u30a2\u30fc\u3001\u52d5\u7269\u4fdd\u8b77\u5354\u4f1a)4\u306e\u4f1a\u9577\u3067\u3001\u30d1\u30ea\u5f01\u8b77\u58eb\u4f1a\u5f01\u8b77\u58eb\u306e\u30ab\u30ed\u30ea\u30fc\u30cc\u30fb\u30e9\u30f3\u30c6\u30a3(Caroline Lanty) \u5f01\u8b77\u58eb\u306b\u8a71\u3092\u805e\u3044\u305f\u3002<\/p>\n","protected":false},"author":2,"featured_media":833,"parent":9404,"menu_order":10,"comment_status":"closed","ping_status":"closed","template":"","meta":{"_acf_changed":false,"inline_featured_image":false,"footnotes":""},"class_list":["post-983","page","type-page","status-publish","has-post-thumbnail","hentry"],"acf":[],"yoast_head":"<!-- This site is optimized with the Yoast SEO plugin v26.5 - https:\/\/yoast.com\/wordpress\/plugins\/seo\/ -->\n<title>\u52d5\u7269\u4fdd\u8b77\u6cd5\u3068\u8a34\u8a1f - Clare L\u00e9gal<\/title>\n<meta name=\"description\" content=\"Interview de Caroline Lanty, avocate au barreau de Paris, et ancienne pr\u00e9sidente de la Soci\u00e9t\u00e9 protectrice des animaux (SPA)\" \/>\n<meta name=\"robots\" content=\"index, follow, max-snippet:-1, max-image-preview:large, max-video-preview:-1\" \/>\n<link rel=\"canonical\" href=\"https:\/\/www.clarelegal.com\/ja\/\u30a4\u30f3\u30bf\u30d3\u30e5\u30fc\/\u30d5\u30e9\u30f3\u30b9\u52d5\u7269\u611b\u8b77\u6cd5\/\" \/>\n<meta property=\"og:locale\" content=\"ja_JP\" \/>\n<meta property=\"og:type\" content=\"article\" \/>\n<meta property=\"og:title\" content=\"\u52d5\u7269\u4fdd\u8b77\u6cd5\u3068\u8a34\u8a1f - Clare L\u00e9gal\" \/>\n<meta property=\"og:description\" content=\"Interview de Caroline Lanty, avocate au barreau de Paris, et ancienne pr\u00e9sidente de la Soci\u00e9t\u00e9 protectrice des animaux (SPA)\" \/>\n<meta property=\"og:url\" content=\"https:\/\/www.clarelegal.com\/ja\/\u30a4\u30f3\u30bf\u30d3\u30e5\u30fc\/\u30d5\u30e9\u30f3\u30b9\u52d5\u7269\u611b\u8b77\u6cd5\/\" \/>\n<meta property=\"og:site_name\" content=\"Clare L\u00e9gal\" \/>\n<meta property=\"article:modified_time\" content=\"2025-08-06T08:53:50+00:00\" \/>\n<meta property=\"og:image\" content=\"https:\/\/www.clarelegal.com\/wp-content\/uploads\/2022\/04\/Caroline-Lanty-Clare-Legal.jpg\" \/>\n\t<meta property=\"og:image:width\" content=\"1216\" \/>\n\t<meta property=\"og:image:height\" content=\"856\" \/>\n\t<meta property=\"og:image:type\" content=\"image\/jpeg\" \/>\n<meta name=\"twitter:card\" content=\"summary_large_image\" \/>\n<meta name=\"twitter:label1\" content=\"\u63a8\u5b9a\u8aad\u307f\u53d6\u308a\u6642\u9593\" \/>\n\t<meta name=\"twitter:data1\" content=\"1\u5206\" \/>\n<script type=\"application\/ld+json\" class=\"yoast-schema-graph\">{\"@context\":\"https:\/\/schema.org\",\"@graph\":[{\"@type\":\"WebPage\",\"@id\":\"https:\/\/www.clarelegal.com\/ja\/%e3%82%a4%e3%83%b3%e3%82%bf%e3%83%93%e3%83%a5%e3%83%bc\/%e3%83%95%e3%83%a9%e3%83%b3%e3%82%b9%e5%8b%95%e7%89%a9%e6%84%9b%e8%ad%b7%e6%b3%95\/\",\"url\":\"https:\/\/www.clarelegal.com\/ja\/%e3%82%a4%e3%83%b3%e3%82%bf%e3%83%93%e3%83%a5%e3%83%bc\/%e3%83%95%e3%83%a9%e3%83%b3%e3%82%b9%e5%8b%95%e7%89%a9%e6%84%9b%e8%ad%b7%e6%b3%95\/\",\"name\":\"\u52d5\u7269\u4fdd\u8b77\u6cd5\u3068\u8a34\u8a1f - Clare L\u00e9gal\",\"isPartOf\":{\"@id\":\"https:\/\/www.clarelegal.com\/#website\"},\"primaryImageOfPage\":{\"@id\":\"https:\/\/www.clarelegal.com\/ja\/%e3%82%a4%e3%83%b3%e3%82%bf%e3%83%93%e3%83%a5%e3%83%bc\/%e3%83%95%e3%83%a9%e3%83%b3%e3%82%b9%e5%8b%95%e7%89%a9%e6%84%9b%e8%ad%b7%e6%b3%95\/#primaryimage\"},\"image\":{\"@id\":\"https:\/\/www.clarelegal.com\/ja\/%e3%82%a4%e3%83%b3%e3%82%bf%e3%83%93%e3%83%a5%e3%83%bc\/%e3%83%95%e3%83%a9%e3%83%b3%e3%82%b9%e5%8b%95%e7%89%a9%e6%84%9b%e8%ad%b7%e6%b3%95\/#primaryimage\"},\"thumbnailUrl\":\"https:\/\/www.clarelegal.com\/wp-content\/uploads\/2022\/04\/Caroline-Lanty-Clare-Legal.jpg\",\"datePublished\":\"2022-03-16T10:35:45+00:00\",\"dateModified\":\"2025-08-06T08:53:50+00:00\",\"description\":\"Interview de Caroline Lanty, avocate au barreau de Paris, et ancienne pr\u00e9sidente de la Soci\u00e9t\u00e9 protectrice des animaux (SPA)\",\"breadcrumb\":{\"@id\":\"https:\/\/www.clarelegal.com\/ja\/%e3%82%a4%e3%83%b3%e3%82%bf%e3%83%93%e3%83%a5%e3%83%bc\/%e3%83%95%e3%83%a9%e3%83%b3%e3%82%b9%e5%8b%95%e7%89%a9%e6%84%9b%e8%ad%b7%e6%b3%95\/#breadcrumb\"},\"inLanguage\":\"ja\",\"potentialAction\":[{\"@type\":\"ReadAction\",\"target\":[\"https:\/\/www.clarelegal.com\/ja\/%e3%82%a4%e3%83%b3%e3%82%bf%e3%83%93%e3%83%a5%e3%83%bc\/%e3%83%95%e3%83%a9%e3%83%b3%e3%82%b9%e5%8b%95%e7%89%a9%e6%84%9b%e8%ad%b7%e6%b3%95\/\"]}]},{\"@type\":\"ImageObject\",\"inLanguage\":\"ja\",\"@id\":\"https:\/\/www.clarelegal.com\/ja\/%e3%82%a4%e3%83%b3%e3%82%bf%e3%83%93%e3%83%a5%e3%83%bc\/%e3%83%95%e3%83%a9%e3%83%b3%e3%82%b9%e5%8b%95%e7%89%a9%e6%84%9b%e8%ad%b7%e6%b3%95\/#primaryimage\",\"url\":\"https:\/\/www.clarelegal.com\/wp-content\/uploads\/2022\/04\/Caroline-Lanty-Clare-Legal.jpg\",\"contentUrl\":\"https:\/\/www.clarelegal.com\/wp-content\/uploads\/2022\/04\/Caroline-Lanty-Clare-Legal.jpg\",\"width\":1216,\"height\":856,\"caption\":\"Caroline Lanty\"},{\"@type\":\"BreadcrumbList\",\"@id\":\"https:\/\/www.clarelegal.com\/ja\/%e3%82%a4%e3%83%b3%e3%82%bf%e3%83%93%e3%83%a5%e3%83%bc\/%e3%83%95%e3%83%a9%e3%83%b3%e3%82%b9%e5%8b%95%e7%89%a9%e6%84%9b%e8%ad%b7%e6%b3%95\/#breadcrumb\",\"itemListElement\":[{\"@type\":\"ListItem\",\"position\":1,\"name\":\"Home\",\"item\":\"https:\/\/www.clarelegal.com\/ja\/\"},{\"@type\":\"ListItem\",\"position\":2,\"name\":\"Interviews\",\"item\":\"https:\/\/www.clarelegal.com\/ja\/%e3%82%a4%e3%83%b3%e3%82%bf%e3%83%93%e3%83%a5%e3%83%bc\/\"},{\"@type\":\"ListItem\",\"position\":3,\"name\":\"\u52d5\u7269\u4fdd\u8b77\u6cd5\u3068\u8a34\u8a1f\"}]},{\"@type\":\"WebSite\",\"@id\":\"https:\/\/www.clarelegal.com\/#website\",\"url\":\"https:\/\/www.clarelegal.com\/\",\"name\":\"Clare L\u00e9gal\",\"description\":\"\",\"potentialAction\":[{\"@type\":\"SearchAction\",\"target\":{\"@type\":\"EntryPoint\",\"urlTemplate\":\"https:\/\/www.clarelegal.com\/?s={search_term_string}\"},\"query-input\":{\"@type\":\"PropertyValueSpecification\",\"valueRequired\":true,\"valueName\":\"search_term_string\"}}],\"inLanguage\":\"ja\"}]}<\/script>\n<!-- \/ Yoast SEO plugin. -->","yoast_head_json":{"title":"\u52d5\u7269\u4fdd\u8b77\u6cd5\u3068\u8a34\u8a1f - Clare L\u00e9gal","description":"Interview de Caroline Lanty, avocate au barreau de Paris, et ancienne pr\u00e9sidente de la Soci\u00e9t\u00e9 protectrice des animaux (SPA)","robots":{"index":"index","follow":"follow","max-snippet":"max-snippet:-1","max-image-preview":"max-image-preview:large","max-video-preview":"max-video-preview:-1"},"canonical":"https:\/\/www.clarelegal.com\/ja\/\u30a4\u30f3\u30bf\u30d3\u30e5\u30fc\/\u30d5\u30e9\u30f3\u30b9\u52d5\u7269\u611b\u8b77\u6cd5\/","og_locale":"ja_JP","og_type":"article","og_title":"\u52d5\u7269\u4fdd\u8b77\u6cd5\u3068\u8a34\u8a1f - Clare L\u00e9gal","og_description":"Interview de Caroline Lanty, avocate au barreau de Paris, et ancienne pr\u00e9sidente de la Soci\u00e9t\u00e9 protectrice des animaux (SPA)","og_url":"https:\/\/www.clarelegal.com\/ja\/\u30a4\u30f3\u30bf\u30d3\u30e5\u30fc\/\u30d5\u30e9\u30f3\u30b9\u52d5\u7269\u611b\u8b77\u6cd5\/","og_site_name":"Clare L\u00e9gal","article_modified_time":"2025-08-06T08:53:50+00:00","og_image":[{"width":1216,"height":856,"url":"https:\/\/www.clarelegal.com\/wp-content\/uploads\/2022\/04\/Caroline-Lanty-Clare-Legal.jpg","type":"image\/jpeg"}],"twitter_card":"summary_large_image","twitter_misc":{"\u63a8\u5b9a\u8aad\u307f\u53d6\u308a\u6642\u9593":"1\u5206"},"schema":{"@context":"https:\/\/schema.org","@graph":[{"@type":"WebPage","@id":"https:\/\/www.clarelegal.com\/ja\/%e3%82%a4%e3%83%b3%e3%82%bf%e3%83%93%e3%83%a5%e3%83%bc\/%e3%83%95%e3%83%a9%e3%83%b3%e3%82%b9%e5%8b%95%e7%89%a9%e6%84%9b%e8%ad%b7%e6%b3%95\/","url":"https:\/\/www.clarelegal.com\/ja\/%e3%82%a4%e3%83%b3%e3%82%bf%e3%83%93%e3%83%a5%e3%83%bc\/%e3%83%95%e3%83%a9%e3%83%b3%e3%82%b9%e5%8b%95%e7%89%a9%e6%84%9b%e8%ad%b7%e6%b3%95\/","name":"\u52d5\u7269\u4fdd\u8b77\u6cd5\u3068\u8a34\u8a1f - Clare L\u00e9gal","isPartOf":{"@id":"https:\/\/www.clarelegal.com\/#website"},"primaryImageOfPage":{"@id":"https:\/\/www.clarelegal.com\/ja\/%e3%82%a4%e3%83%b3%e3%82%bf%e3%83%93%e3%83%a5%e3%83%bc\/%e3%83%95%e3%83%a9%e3%83%b3%e3%82%b9%e5%8b%95%e7%89%a9%e6%84%9b%e8%ad%b7%e6%b3%95\/#primaryimage"},"image":{"@id":"https:\/\/www.clarelegal.com\/ja\/%e3%82%a4%e3%83%b3%e3%82%bf%e3%83%93%e3%83%a5%e3%83%bc\/%e3%83%95%e3%83%a9%e3%83%b3%e3%82%b9%e5%8b%95%e7%89%a9%e6%84%9b%e8%ad%b7%e6%b3%95\/#primaryimage"},"thumbnailUrl":"https:\/\/www.clarelegal.com\/wp-content\/uploads\/2022\/04\/Caroline-Lanty-Clare-Legal.jpg","datePublished":"2022-03-16T10:35:45+00:00","dateModified":"2025-08-06T08:53:50+00:00","description":"Interview de Caroline Lanty, avocate au barreau de Paris, et ancienne pr\u00e9sidente de la Soci\u00e9t\u00e9 protectrice des animaux (SPA)","breadcrumb":{"@id":"https:\/\/www.clarelegal.com\/ja\/%e3%82%a4%e3%83%b3%e3%82%bf%e3%83%93%e3%83%a5%e3%83%bc\/%e3%83%95%e3%83%a9%e3%83%b3%e3%82%b9%e5%8b%95%e7%89%a9%e6%84%9b%e8%ad%b7%e6%b3%95\/#breadcrumb"},"inLanguage":"ja","potentialAction":[{"@type":"ReadAction","target":["https:\/\/www.clarelegal.com\/ja\/%e3%82%a4%e3%83%b3%e3%82%bf%e3%83%93%e3%83%a5%e3%83%bc\/%e3%83%95%e3%83%a9%e3%83%b3%e3%82%b9%e5%8b%95%e7%89%a9%e6%84%9b%e8%ad%b7%e6%b3%95\/"]}]},{"@type":"ImageObject","inLanguage":"ja","@id":"https:\/\/www.clarelegal.com\/ja\/%e3%82%a4%e3%83%b3%e3%82%bf%e3%83%93%e3%83%a5%e3%83%bc\/%e3%83%95%e3%83%a9%e3%83%b3%e3%82%b9%e5%8b%95%e7%89%a9%e6%84%9b%e8%ad%b7%e6%b3%95\/#primaryimage","url":"https:\/\/www.clarelegal.com\/wp-content\/uploads\/2022\/04\/Caroline-Lanty-Clare-Legal.jpg","contentUrl":"https:\/\/www.clarelegal.com\/wp-content\/uploads\/2022\/04\/Caroline-Lanty-Clare-Legal.jpg","width":1216,"height":856,"caption":"Caroline Lanty"},{"@type":"BreadcrumbList","@id":"https:\/\/www.clarelegal.com\/ja\/%e3%82%a4%e3%83%b3%e3%82%bf%e3%83%93%e3%83%a5%e3%83%bc\/%e3%83%95%e3%83%a9%e3%83%b3%e3%82%b9%e5%8b%95%e7%89%a9%e6%84%9b%e8%ad%b7%e6%b3%95\/#breadcrumb","itemListElement":[{"@type":"ListItem","position":1,"name":"Home","item":"https:\/\/www.clarelegal.com\/ja\/"},{"@type":"ListItem","position":2,"name":"Interviews","item":"https:\/\/www.clarelegal.com\/ja\/%e3%82%a4%e3%83%b3%e3%82%bf%e3%83%93%e3%83%a5%e3%83%bc\/"},{"@type":"ListItem","position":3,"name":"\u52d5\u7269\u4fdd\u8b77\u6cd5\u3068\u8a34\u8a1f"}]},{"@type":"WebSite","@id":"https:\/\/www.clarelegal.com\/#website","url":"https:\/\/www.clarelegal.com\/","name":"Clare L\u00e9gal","description":"","potentialAction":[{"@type":"SearchAction","target":{"@type":"EntryPoint","urlTemplate":"https:\/\/www.clarelegal.com\/?s={search_term_string}"},"query-input":{"@type":"PropertyValueSpecification","valueRequired":true,"valueName":"search_term_string"}}],"inLanguage":"ja"}]}},"_links":{"self":[{"href":"https:\/\/www.clarelegal.com\/ja\/wp-json\/wp\/v2\/pages\/983","targetHints":{"allow":["GET"]}}],"collection":[{"href":"https:\/\/www.clarelegal.com\/ja\/wp-json\/wp\/v2\/pages"}],"about":[{"href":"https:\/\/www.clarelegal.com\/ja\/wp-json\/wp\/v2\/types\/page"}],"author":[{"embeddable":true,"href":"https:\/\/www.clarelegal.com\/ja\/wp-json\/wp\/v2\/users\/2"}],"replies":[{"embeddable":true,"href":"https:\/\/www.clarelegal.com\/ja\/wp-json\/wp\/v2\/comments?post=983"}],"version-history":[{"count":58,"href":"https:\/\/www.clarelegal.com\/ja\/wp-json\/wp\/v2\/pages\/983\/revisions"}],"predecessor-version":[{"id":9644,"href":"https:\/\/www.clarelegal.com\/ja\/wp-json\/wp\/v2\/pages\/983\/revisions\/9644"}],"up":[{"embeddable":true,"href":"https:\/\/www.clarelegal.com\/ja\/wp-json\/wp\/v2\/pages\/9404"}],"wp:featuredmedia":[{"embeddable":true,"href":"https:\/\/www.clarelegal.com\/ja\/wp-json\/wp\/v2\/media\/833"}],"wp:attachment":[{"href":"https:\/\/www.clarelegal.com\/ja\/wp-json\/wp\/v2\/media?parent=983"}],"curies":[{"name":"wp","href":"https:\/\/api.w.org\/{rel}","templated":true}]}}